{"id":1305,"date":"2020-06-14T12:08:23","date_gmt":"2020-06-14T12:08:23","guid":{"rendered":"http:\/\/redhost:8888\/amaya\/?page_id=1305"},"modified":"2025-11-01T14:49:38","modified_gmt":"2025-11-01T13:49:38","slug":"about","status":"publish","type":"page","link":"https:\/\/cafekajal.com\/?page_id=1305","title":{"rendered":"Nosotros"},"content":{"rendered":"\n\t<section id=\"contentboxes-mb-block-7a1e6a09-66fa-4a53-9af8-ba72cd2bc157\" class=\"section section-contentboxes  alignfull \">\n\n\t\t<div class=\"contentboxes-wrap none\">\n\t\t\t\t\t<div class=\"contentboxes-masonry \">\n\n\t\t\t\t<div class=\"grid-sizer-contentboxes\"><\/div>\n\n\t\t\t\t\n\t\t\t\t<div class=\"content-box- contentboxes-image-wrap bg-none half-width square content-dark no-vertical-text has-content  \"  data-aos=\"fade-up\" data-aos-delay=\"100\"  >\n\n\t\t\t\t\t<div class=\"contentboxes-image-wrap-inner\">\n\n\t\t\t\t\t\n\t\t\t\t\t\t<div class=\"contentboxes-zoom-wrap \">\n\t\t\t\t\t\t\n\t\t\t\t\t\t\n\t\t\t\t\t\t\n\t\t\t\t\t\t\t<div class=\"contentboxes-content-wrap centered-content contentboxes-content-center contentboxes-content-middle\"  >\n\n\t\t\t\t\t\t\t\t\t\t\t\t\t\t\t\t<div class=\"contentboxes-content section-content\">\n\t\t\t\t\t\t\t\t\t\t\t\t\t\t\t\t\t\t\t\t\t\t\t\t\t\t\t\t\t\t\t\t\t\t                \t<h1 class=\"contentboxes-content-item contentboxes-title\"  data-aos=\"slide-up\"  >About Us<\/h1>\n\t\t\t\t\t\t\t                \t\t\t\t\t\t\t                \t\t\t\t\t\t\t                \t<div class=\"contentboxes-content-item contentboxes-divider\"  data-aos=\"fade-right\"  ><\/div>\n\t\t\t\t\t\t\t                \t\t\t\t\t\t\t                \t\t\t\t\t\t\t                \t<div class=\"contentboxes-content-item contentboxes-text\"  data-aos=\"fade-right\" data-aos-delay=\"340\"  >KAJAL nace en el coraz\u00f3n de Antigua Guatemala, donde el fuego de los volcanes despierta la tierra y da vida a granos excepcionales.\r\nCreemos en el poder del origen: en las manos que cultivan con respeto y en la energ\u00eda vital que recorre cada taza.\r\nHoy compartimos esa esencia desde Guatemala hasta Chile, llevando el alma del caf\u00e9 de altura a quienes buscan algo m\u00e1s que una bebida: una experiencia.<\/div>\n\t\t\t\t\t\t\t                \t\t\t\t\t\t\t                \t\t\t\t\t\t        \t<\/div>\n\t\t\t\t\t\t        \t\n\t\t\t\t\t\t\t\t\t\t\t\t\t\n\t\t\t\t\t\t<\/div>\n\t\t\t\t\t<\/div>\n\t\t\t\t\t<\/div>\n\n\t\t\t\t\t\t   \t \n\t\t\t\t<\/div>\n\t\t\t\t\t\n\t\t\t\n\t\t\t\t<div class=\"content-box-4751 contentboxes-image-wrap bg-image half-width square content-white no-vertical-text no-content  \"  data-aos=\"fade-up\" data-aos-delay=\"200\"  >\n\n\t\t\t\t\t<div class=\"contentboxes-image-wrap-inner\">\n\n\t\t\t\t\t\n\t\t\t\t\t\t<div class=\"contentboxes-zoom-wrap \">\n\t\t\t\t\t\t\n\t\t\t\t\t\t\t\t\t\t\t\t\t<div class=\"contentboxbgimage\" style=\"background-image: url(https:\/\/cafekajal.com\/wp-content\/uploads\/2025\/10\/kajal_VKDX1NCp.webp);\"><\/div> \n\t\t\t\t\t\t\t\t\t\t\t\t<div class=\"contentbox-overlay dark  gradient-contentboxes-content-middle\" >\n\t\t\t\t\t\t\n\t\t\t\t\t\t\t<div class=\"contentboxes-content-wrap centered-content contentboxes-content-center contentboxes-content-middle\"  >\n\n\t\t\t\t\t\t\t\t\n\t\t\t\t\t\t\t\t\t\t\t\t\t\t<\/div>\n\t\t\t\t\t\t\t\t\t\t\t\t\t\n\t\t\t\t\t\t<\/div>\n\t\t\t\t\t<\/div>\n\t\t\t\t\t<\/div>\n\n\t\t\t\t\t\t   \t \n\t\t\t\t<\/div>\n\t\t\t\t\t\n\t\t\t\t\t\t<\/div>\n\t\t\t\t<\/div>\n\n\t<\/section> \n\n\n\n\n<div style=\"height:110px\" aria-hidden=\"true\" class=\"wp-block-spacer\"><\/div>\n\n\n\n\t\t\t<span id=\"subtitle-mb-block-7acc25fe-4c29-46d6-941e-a3dcce38279a\" class=\"subtitle  subtitle-block subtitle-above subtitle-center use-body-font\">our philosophy<\/span>\n\t\n\n\n\n<h2 class=\"wp-block-heading has-text-align-center\">Coffee is our craft, our ritual, our passion.<\/h2>\n\n\n\n\t<div id=\"divider-mb-block-e444381d-7f08-4c32-ab66-ef1c2eeb2814\" class=\"divider-block divider-center divider-vertical\"><\/div>\n\n\n\n\n<p class=\"has-text-align-center\">Cada grano cuenta una historia. En KAJAL tostamos con intenci\u00f3n, honrando los aromas naturales y las notas \u00fanicas que el suelo guatemalteco ofrece.<br>Nuestro ritual comienza en la monta\u00f1a y termina en tu taza: un viaje de fuego, tierra y alma.<\/p>\n\n\n\n<p class=\"has-text-align-center\"><\/p>\n\n\n\n<div style=\"height:96px\" aria-hidden=\"true\" class=\"wp-block-spacer\"><\/div>\n\n\n\n\t<section id=\"section-gallery-mb-block-269564a5-7a4e-4eb6-994a-18c91d64042a\" class=\"section section-gallery  alignfull \">\n\n\t\t<div class=\"gallery-wrap none\">\n\t\t\t\t\t<div class=\"gallery-images-masonry \">\n\n\t\t\t\t<div class=\"grid-sizer-gallery\"><\/div>\n\t\t\t\t\n\t\t\t\t\t\t<div class=\"gallery-image-wrap half-width square\" data-aos=\"fade-up\" data-aos-delay=\"100\"  >\n\n\t\t\t\t\t\t\t<div class=\"gallery-image-wrap-inner\">\n\n\t\t\t\t\t\t\t\t\t\t\t\t\t\t\t\t\t<a href=\"https:\/\/cafekajal.com\/wp-content\/uploads\/2020\/12\/iced-coffee-03.jpg\" class=\"links_to_image\">\n\t\t\t\t\t\t\t\t\t\t\t\t    \t\n\t\t\t\t\t\t\t\t\t<div class=\"gallery-image\" style=\"background-image: url(https:\/\/cafekajal.com\/wp-content\/uploads\/2020\/12\/iced-coffee-03.jpg);\"><\/div>\n\n\t\t\t\t\t\t\t\t\t\t\t\t\t\t\t\t\t<\/a>\n\t\t\t\t\t\t\t\t\n\t\t\t\t\t\t\t<\/div>\n\t\t   \t \n\t\t\t\t\t\t<\/div>\n\t\t\t\t\t\t\n\t\t\t\t\n\t\t\t\n\t\t\t\t\t\t<div class=\"gallery-image-wrap quarter-width square\" data-aos=\"fade-up\" data-aos-delay=\"100\"  >\n\n\t\t\t\t\t\t\t<div class=\"gallery-image-wrap-inner\">\n\n\t\t\t\t\t\t\t\t\t\t\t\t\t\t\t\t\t<a href=\"https:\/\/cafekajal.com\/wp-content\/uploads\/2025\/10\/kajal_7bplU9Zt.jpg\" class=\"links_to_image\">\n\t\t\t\t\t\t\t\t\t\t\t\t    \t\n\t\t\t\t\t\t\t\t\t<div class=\"gallery-image\" style=\"background-image: url(https:\/\/cafekajal.com\/wp-content\/uploads\/2025\/10\/kajal_7bplU9Zt.jpg);\"><\/div>\n\n\t\t\t\t\t\t\t\t\t\t\t\t\t\t\t\t\t<\/a>\n\t\t\t\t\t\t\t\t\n\t\t\t\t\t\t\t<\/div>\n\t\t   \t \n\t\t\t\t\t\t<\/div>\n\t\t\t\t\t\t\n\t\t\t\t\n\t\t\t\n\t\t\t\t\t\t<div class=\"gallery-image-wrap quarter-width square\" data-aos=\"fade-up\" data-aos-delay=\"100\"  >\n\n\t\t\t\t\t\t\t<div class=\"gallery-image-wrap-inner\">\n\n\t\t\t\t\t\t\t\t\t\t\t\t\t\t\t\t\t<a href=\"https:\/\/cafekajal.com\/wp-content\/uploads\/2025\/10\/kajal_vs3nraCN.jpg\" class=\"links_to_image\">\n\t\t\t\t\t\t\t\t\t\t\t\t    \t\n\t\t\t\t\t\t\t\t\t<div class=\"gallery-image\" style=\"background-image: url(https:\/\/cafekajal.com\/wp-content\/uploads\/2025\/10\/kajal_vs3nraCN.jpg);\"><\/div>\n\n\t\t\t\t\t\t\t\t\t\t\t\t\t\t\t\t\t<\/a>\n\t\t\t\t\t\t\t\t\n\t\t\t\t\t\t\t<\/div>\n\t\t   \t \n\t\t\t\t\t\t<\/div>\n\t\t\t\t\t\t\n\t\t\t\t\n\t\t\t\n\t\t\t\t\t\t<div class=\"gallery-image-wrap half-width half-height\" data-aos=\"fade-up\" data-aos-delay=\"100\"  >\n\n\t\t\t\t\t\t\t<div class=\"gallery-image-wrap-inner\">\n\n\t\t\t\t\t\t\t\t\t\t\t\t\t\t\t\t\t<a href=\"https:\/\/cafekajal.com\/wp-content\/uploads\/2025\/10\/kajal_7XMjWu3d.jpg\" class=\"links_to_image\">\n\t\t\t\t\t\t\t\t\t\t\t\t    \t\n\t\t\t\t\t\t\t\t\t<div class=\"gallery-image\" style=\"background-image: url(https:\/\/cafekajal.com\/wp-content\/uploads\/2025\/10\/kajal_7XMjWu3d.jpg);\"><\/div>\n\n\t\t\t\t\t\t\t\t\t\t\t\t\t\t\t\t\t<\/a>\n\t\t\t\t\t\t\t\t\n\t\t\t\t\t\t\t<\/div>\n\t\t   \t \n\t\t\t\t\t\t<\/div>\n\t\t\t\t\t\t\n\t\t\t\t\n\t\t\t\t\t\t<\/div>\n\t\t\t\t<\/div>\n\t<\/section> \n\n\n\n<div style=\"height:120px\" aria-hidden=\"true\" class=\"wp-block-spacer\"><\/div>\n\n\n\n\t<section id=\"section-gallery-mb-block-34b9e29e-8fec-4bfe-bd8c-501d04d0e5f4\" class=\"section section-gallery  \">\n\n\t\t<div class=\"gallery-wrap none\">\n\t\t\t\t\t<div class=\"gallery-images-masonry \">\n\n\t\t\t\t<div class=\"grid-sizer-gallery\"><\/div>\n\t\t\t\t\n\t\t\t\t\t\t<\/div>\n\t\t\t\t<\/div>\n\t<\/section> \n\n\n\n\t\t\t<span id=\"subtitle-mb-block-59bc94f5-17ac-4c3b-8e3b-deed98dc0b0b\" class=\"subtitle  subtitle-block subtitle-above subtitle-center use-body-font\">our story<\/span>\n\t\n\n\n\n<h2 class=\"wp-block-heading has-text-align-center\">Everything we do is a matter of heart, body and soul.<\/h2>\n\n\n\n\t<div id=\"divider-mb-block-7c4f6008-355b-4e25-bff0-12062eabfcc5\" class=\"divider-block divider-center divider-vertical\"><\/div>\n\n\n\n\n<p class=\"has-text-align-center\">Todo comenz\u00f3 con un prop\u00f3sito simple: compartir el esp\u00edritu del caf\u00e9 de Guatemala con el mundo.<br>KAJAL une tradici\u00f3n y modernidad, productores y amantes del caf\u00e9, en un mismo ciclo de energ\u00eda que nunca se apaga.<\/p>\n\n\n\n<p class=\"has-text-align-center\"><\/p>\n\n\n\n<div style=\"height:60px\" aria-hidden=\"true\" class=\"wp-block-spacer\"><\/div>\n\n\n\n<div style=\"height:60px\" aria-hidden=\"true\" class=\"wp-block-spacer\"><\/div>\n\n\n\n\t<section id=\"contentboxes-mb-block-f44710e0-ecfb-4474-ac46-297e7481e9a9\" class=\"section section-contentboxes  alignfull \">\n\n\t\t<div class=\"contentboxes-wrap none\">\n\t\t\t\t\t<div class=\"contentboxes-masonry \">\n\n\t\t\t\t<div class=\"grid-sizer-contentboxes\"><\/div>\n\n\t\t\t\t\n\t\t\t\t<div class=\"content-box-4749 contentboxes-image-wrap bg-image half-width square content-dark no-vertical-text no-content  \"  data-aos=\"fade-up\" data-aos-delay=\"100\"  >\n\n\t\t\t\t\t<div class=\"contentboxes-image-wrap-inner\">\n\n\t\t\t\t\t\n\t\t\t\t\t\t<div class=\"contentboxes-zoom-wrap \">\n\t\t\t\t\t\t\n\t\t\t\t\t\t\t\t\t\t\t\t\t<div class=\"contentboxbgimage\" style=\"background-image: url(https:\/\/cafekajal.com\/wp-content\/uploads\/2025\/10\/kajal_mapV0jdQ.png);\"><\/div> \n\t\t\t\t\t\t\t\t\t\t\t\t<div class=\"contentbox-overlay   gradient-contentboxes-content-middle\" >\n\t\t\t\t\t\t\n\t\t\t\t\t\t\t<div class=\"contentboxes-content-wrap centered-content  contentboxes-content-middle\"  >\n\n\t\t\t\t\t\t\t\t\n\t\t\t\t\t\t\t\t\t\t\t\t\t\t<\/div>\n\t\t\t\t\t\t\t\t\t\t\t\t\t\n\t\t\t\t\t\t<\/div>\n\t\t\t\t\t<\/div>\n\t\t\t\t\t<\/div>\n\n\t\t\t\t\t\t   \t \n\t\t\t\t<\/div>\n\t\t\t\t\t\n\t\t\t\n\t\t\t\t<div class=\"content-box- contentboxes-image-wrap  half-width uncropped  no-vertical-text has-content  \"  data-aos=\"fade-up\" data-aos-delay=\"200\"  >\n\n\t\t\t\t\t<div class=\"contentboxes-image-wrap-inner\">\n\n\t\t\t\t\t\n\t\t\t\t\t\t<div class=\"contentboxes-zoom-wrap \">\n\t\t\t\t\t\t\n\t\t\t\t\t\t\n\t\t\t\t\t\t\n\t\t\t\t\t\t\t<div class=\"contentboxes-content-wrap centered-content contentboxes-content-center contentboxes-content-middle\"  >\n\n\t\t\t\t\t\t\t\t\t\t\t\t\t\t\t\t<div class=\"contentboxes-content section-content\">\n\t\t\t\t\t\t\t\t\t\t\t\t\t\t\t\t\t\t\t\t\t\t\t\t\t\t\t\t<div class=\"contentboxes-content-item contentboxes-subtitle subtitle-above use-body-font\"  data-aos=\"fade-down\" data-aos-delay=\"100\"  >our mission<\/div>\n\t\t\t\t\t\t\t\t\t\t\t\t\t\t\t\t\t\t\t\t\t\t\t\t\t                \t<h4 class=\"contentboxes-content-item contentboxes-title\"  data-aos=\"slide-up\"  >We source coffee from all over the world from farmers we know and trust<\/h4>\n\t\t\t\t\t\t\t                \t\t\t\t\t\t\t                \t\t\t\t\t\t\t                \t<div class=\"contentboxes-content-item contentboxes-divider\"  data-aos=\"fade-right\"  ><\/div>\n\t\t\t\t\t\t\t                \t\t\t\t\t\t\t                \t\t\t\t\t\t\t                \t<div class=\"contentboxes-content-item contentboxes-text\"  data-aos=\"fade-right\" data-aos-delay=\"340\"  >Trabajamos directamente con peque\u00f1os productores entre los 1,200 y 2,000 metros sobre el nivel del mar.\r\nCada cosecha refleja compromiso, sostenibilidad y respeto por la tierra.\r\nNuestro prop\u00f3sito es simple: mantener vivo el origen en cada taza.<\/div>\n\t\t\t\t\t\t\t                \t\t\t\t\t\t\t                \t\t\t\t\t\t        \t<\/div>\n\t\t\t\t\t\t        \t\n\t\t\t\t\t\t\t\t\t\t\t\t\t\n\t\t\t\t\t\t<\/div>\n\t\t\t\t\t<\/div>\n\t\t\t\t\t<\/div>\n\n\t\t\t\t\t\t   \t \n\t\t\t\t<\/div>\n\t\t\t\t\t\n\t\t\t\t\t\t<\/div>\n\t\t\t\t<\/div>\n\n\t<\/section> \n\n\n\n\n<div style=\"height:78px\" aria-hidden=\"true\" class=\"wp-block-spacer\"><\/div>\n","protected":false},"excerpt":{"rendered":"Coffee is our craft, our ritual, our passion. Cada grano cuenta una historia. En KAJAL tostamos con intenci\u00f3n, honrando los aromas naturales y las ...","protected":false},"author":1,"featured_media":0,"parent":0,"menu_order":12,"comment_status":"closed","ping_status":"closed","template":"","meta":{"slim_seo":{"title":"Nosotros - Cafe Kajal - Crafted by Fire","description":"Coffee is our craft, our ritual, our passion. Cada grano cuenta una historia. En KAJAL tostamos con intenci\u00f3n, honrando los aromas naturales y las notas \u00fanicas"},"footnotes":""},"class_list":["post-1305","page","type-page","status-publish","hentry"],"_links":{"self":[{"href":"https:\/\/cafekajal.com\/index.php?rest_route=\/wp\/v2\/pages\/1305","targetHints":{"allow":["GET"]}}],"collection":[{"href":"https:\/\/cafekajal.com\/index.php?rest_route=\/wp\/v2\/pages"}],"about":[{"href":"https:\/\/cafekajal.com\/index.php?rest_route=\/wp\/v2\/types\/page"}],"author":[{"embeddable":true,"href":"https:\/\/cafekajal.com\/index.php?rest_route=\/wp\/v2\/users\/1"}],"replies":[{"embeddable":true,"href":"https:\/\/cafekajal.com\/index.php?rest_route=%2Fwp%2Fv2%2Fcomments&post=1305"}],"version-history":[{"count":3,"href":"https:\/\/cafekajal.com\/index.php?rest_route=\/wp\/v2\/pages\/1305\/revisions"}],"predecessor-version":[{"id":4768,"href":"https:\/\/cafekajal.com\/index.php?rest_route=\/wp\/v2\/pages\/1305\/revisions\/4768"}],"wp:attachment":[{"href":"https:\/\/cafekajal.com\/index.php?rest_route=%2Fwp%2Fv2%2Fmedia&parent=1305"}],"curies":[{"name":"wp","href":"https:\/\/api.w.org\/{rel}","templated":true}]}}